{"id":9789,"date":"2024-05-18T12:41:16","date_gmt":"2024-05-18T10:41:16","guid":{"rendered":"https:\/\/www.stringhetto.com\/product\/140\/"},"modified":"2026-04-15T23:57:15","modified_gmt":"2026-04-15T21:57:15","slug":"crema-spalmabile-al-cioccolato-fondente-e-caffe","status":"publish","type":"product","link":"https:\/\/www.stringhetto.com\/it\/crema-spalmabile-al-cioccolato-fondente-e-caffe","title":{"rendered":"Fondente e Caff\u00e8"},"content":{"rendered":"","protected":false},"excerpt":{"rendered":"<p>Con questa spalmabile tutto il sapore del caff\u00e8 espresso \u00e8 a portata di cucchiaino. Provare per credere. Oltre che in purezza, provatela sciolta in un bicchiere di latte caldo. Oppure per una tiramisu diverso dal solito, unitela al mascarpone. Ne verr\u00e0 fuori una crema da leccarsi i baffi.<\/p>\n","protected":false},"featured_media":13224,"template":"","meta":{"_acf_changed":false},"product_brand":[],"product_cat":[151],"product_tag":[],"class_list":{"0":"post-9789","1":"product","2":"type-product","3":"status-publish","4":"has-post-thumbnail","6":"product_cat-le-spalmabili","8":"first","9":"instock","10":"taxable","11":"shipping-taxable","12":"purchasable","13":"product-type-simple"},"exclude_global_add_ons":[],"addons":[],"acf":[],"_links":{"self":[{"href":"https:\/\/www.stringhetto.com\/it\/wp-json\/wp\/v2\/product\/9789","targetHints":{"allow":["GET"]}}],"collection":[{"href":"https:\/\/www.stringhetto.com\/it\/wp-json\/wp\/v2\/product"}],"about":[{"href":"https:\/\/www.stringhetto.com\/it\/wp-json\/wp\/v2\/types\/product"}],"wp:featuredmedia":[{"embeddable":true,"href":"https:\/\/www.stringhetto.com\/it\/wp-json\/wp\/v2\/media\/13224"}],"wp:attachment":[{"href":"https:\/\/www.stringhetto.com\/it\/wp-json\/wp\/v2\/media?parent=9789"}],"wp:term":[{"taxonomy":"product_brand","embeddable":true,"href":"https:\/\/www.stringhetto.com\/it\/wp-json\/wp\/v2\/product_brand?post=9789"},{"taxonomy":"product_cat","embeddable":true,"href":"https:\/\/www.stringhetto.com\/it\/wp-json\/wp\/v2\/product_cat?post=9789"},{"taxonomy":"product_tag","embeddable":true,"href":"https:\/\/www.stringhetto.com\/it\/wp-json\/wp\/v2\/product_tag?post=9789"}],"curies":[{"name":"wp","href":"https:\/\/api.w.org\/{rel}","templated":true}]}}