{"id":9780,"date":"2024-05-18T12:41:16","date_gmt":"2024-05-18T10:41:16","guid":{"rendered":"https:\/\/www.stringhetto.com\/product\/fondente-e-pera\/"},"modified":"2026-04-15T23:57:16","modified_gmt":"2026-04-15T21:57:16","slug":"crema-spalmabile-al-cioccolato-fondente-e-pera","status":"publish","type":"product","link":"https:\/\/www.stringhetto.com\/it\/crema-spalmabile-al-cioccolato-fondente-e-pera","title":{"rendered":"Fondente e Pera"},"content":{"rendered":"","protected":false},"excerpt":{"rendered":"<p>Questa spalmabile \u00e8 cos\u00ec buona perch\u00e9 all\u2019interno c\u2019\u00e8 la nostra Tuttafrutta alla pera. La sensazione alla prima cucchiaiata \u00e8 quella di assaporare un vero e proprio dolce di cioccolato e pere. Provatela come farcitura di una crostata al posto della solita marmellata.<\/p>\n","protected":false},"featured_media":13222,"template":"","meta":{"_acf_changed":false},"product_brand":[],"product_cat":[151],"product_tag":[],"class_list":{"0":"post-9780","1":"product","2":"type-product","3":"status-publish","4":"has-post-thumbnail","6":"product_cat-le-spalmabili","8":"first","9":"instock","10":"taxable","11":"shipping-taxable","12":"purchasable","13":"product-type-simple"},"exclude_global_add_ons":[],"addons":[],"acf":[],"_links":{"self":[{"href":"https:\/\/www.stringhetto.com\/it\/wp-json\/wp\/v2\/product\/9780","targetHints":{"allow":["GET"]}}],"collection":[{"href":"https:\/\/www.stringhetto.com\/it\/wp-json\/wp\/v2\/product"}],"about":[{"href":"https:\/\/www.stringhetto.com\/it\/wp-json\/wp\/v2\/types\/product"}],"wp:featuredmedia":[{"embeddable":true,"href":"https:\/\/www.stringhetto.com\/it\/wp-json\/wp\/v2\/media\/13222"}],"wp:attachment":[{"href":"https:\/\/www.stringhetto.com\/it\/wp-json\/wp\/v2\/media?parent=9780"}],"wp:term":[{"taxonomy":"product_brand","embeddable":true,"href":"https:\/\/www.stringhetto.com\/it\/wp-json\/wp\/v2\/product_brand?post=9780"},{"taxonomy":"product_cat","embeddable":true,"href":"https:\/\/www.stringhetto.com\/it\/wp-json\/wp\/v2\/product_cat?post=9780"},{"taxonomy":"product_tag","embeddable":true,"href":"https:\/\/www.stringhetto.com\/it\/wp-json\/wp\/v2\/product_tag?post=9780"}],"curies":[{"name":"wp","href":"https:\/\/api.w.org\/{rel}","templated":true}]}}