{"id":10068,"date":"2024-05-18T12:41:51","date_gmt":"2024-05-18T10:41:51","guid":{"rendered":"https:\/\/www.stringhetto.com\/product\/pera\/"},"modified":"2026-04-15T23:57:10","modified_gmt":"2026-04-15T21:57:10","slug":"tuttafrutta-pera","status":"publish","type":"product","link":"https:\/\/www.stringhetto.com\/it\/tuttafrutta-pera","title":{"rendered":"Pera"},"content":{"rendered":"","protected":false},"excerpt":{"rendered":"<p>Tuttafrutta alla pera piace soprattutto ai pi\u00f9 piccoli per il suo gusto estremamente naturale. La sensazione \u00e8 quella di mangiare il frutto fresco vero e proprio. Per i pi\u00f9 adulti, Interessante l\u2019abbinamento con dei formaggi stagionati e ben saporiti.<\/p>\n","protected":false},"featured_media":12250,"template":"","meta":{"_acf_changed":false},"product_brand":[],"product_cat":[156],"product_tag":[],"class_list":{"0":"post-10068","1":"product","2":"type-product","3":"status-publish","4":"has-post-thumbnail","6":"product_cat-tuttafrutta","8":"first","9":"instock","10":"taxable","11":"shipping-taxable","12":"purchasable","13":"product-type-variable","14":"has-default-attributes"},"exclude_global_add_ons":[],"addons":[],"acf":[],"_links":{"self":[{"href":"https:\/\/www.stringhetto.com\/it\/wp-json\/wp\/v2\/product\/10068","targetHints":{"allow":["GET"]}}],"collection":[{"href":"https:\/\/www.stringhetto.com\/it\/wp-json\/wp\/v2\/product"}],"about":[{"href":"https:\/\/www.stringhetto.com\/it\/wp-json\/wp\/v2\/types\/product"}],"wp:featuredmedia":[{"embeddable":true,"href":"https:\/\/www.stringhetto.com\/it\/wp-json\/wp\/v2\/media\/12250"}],"wp:attachment":[{"href":"https:\/\/www.stringhetto.com\/it\/wp-json\/wp\/v2\/media?parent=10068"}],"wp:term":[{"taxonomy":"product_brand","embeddable":true,"href":"https:\/\/www.stringhetto.com\/it\/wp-json\/wp\/v2\/product_brand?post=10068"},{"taxonomy":"product_cat","embeddable":true,"href":"https:\/\/www.stringhetto.com\/it\/wp-json\/wp\/v2\/product_cat?post=10068"},{"taxonomy":"product_tag","embeddable":true,"href":"https:\/\/www.stringhetto.com\/it\/wp-json\/wp\/v2\/product_tag?post=10068"}],"curies":[{"name":"wp","href":"https:\/\/api.w.org\/{rel}","templated":true}]}}